{"id":17596,"date":"2022-04-04T12:33:40","date_gmt":"2022-04-04T11:33:40","guid":{"rendered":"https:\/\/www.daemsuitvaart.be\/?page_id=17596"},"modified":"2025-12-15T14:31:15","modified_gmt":"2025-12-15T13:31:15","slug":"uitvaartplan-opstellen-daems-sereni","status":"publish","type":"page","link":"https:\/\/www.daemsuitvaart.be\/nl\/onze-diensten-daems-sereni\/uitvaartplan-opstellen-daems-sereni\/","title":{"rendered":"Uitvaartplan opstellen"},"content":{"rendered":"<div id=\"block-variable-content-list-block_755610dfe5d342f74edf43fe6d9b937f\" class=\"block-variable-content-list alt_1\">\n    <div class=\"container\">\n        <div class=\"widget-wrap per_row_2\">\n                        <div class=\"block-content\">\n                                                                                    <div class=\"element\">\n                                                            \n                                                                    <div class=\"image-wrap\">\n                                                                                    <img loading=\"lazy\" decoding=\"async\" width=\"1024\" height=\"684\" src=\"https:\/\/www.touche.be\/app\/uploads\/sites\/81\/2022\/07\/CMS_Quirijnen_Uitvaartplan-1024x684.jpg\" class=\"attachment-large size-large\" alt=\"Uitvaartplan opstellen\" srcset=\"https:\/\/www.touche.be\/app\/uploads\/sites\/81\/2022\/07\/CMS_Quirijnen_Uitvaartplan-1024x684.jpg 1024w, https:\/\/www.touche.be\/app\/uploads\/sites\/81\/2022\/07\/CMS_Quirijnen_Uitvaartplan-300x200.jpg 300w, https:\/\/www.touche.be\/app\/uploads\/sites\/81\/2022\/07\/CMS_Quirijnen_Uitvaartplan-449x300.jpg 449w, https:\/\/www.touche.be\/app\/uploads\/sites\/81\/2022\/07\/CMS_Quirijnen_Uitvaartplan-1300x868.jpg 1300w, https:\/\/www.touche.be\/app\/uploads\/sites\/81\/2022\/07\/CMS_Quirijnen_Uitvaartplan-1440x962.jpg 1440w, https:\/\/www.touche.be\/app\/uploads\/sites\/81\/2022\/07\/CMS_Quirijnen_Uitvaartplan-600x401.jpg 600w, https:\/\/www.touche.be\/app\/uploads\/sites\/81\/2022\/07\/CMS_Quirijnen_Uitvaartplan.jpg 1800w\" sizes=\"auto, (max-width: 1024px) 100vw, 1024px\" title=\"Uitvaartplan opstellen\" \/>                                                                            <\/div>\n                                \n                                                                                    <\/div>\n                                                                    <div class=\"element\">\n                                                            \n                                \n                                                                    <div class=\"content-wrap\">\n                                        <h3>Wat is een uitvaartplan?<\/h3>\n<p>Een <a href=\"https:\/\/www.sereni.be\/menu\/nl\/plan-nu-voor-later\">uitvaartplan<\/a> opstellen zorgt ervoor dat alle specifieke wensen worden vastgelegd. Steeds meer mensen willen een eigen zeg hebben in hun uitvaart, zowel qua inhoud als op financieel vlak. Financi\u00eble bijdragen leggen we dan weer vast in een uitvaartverzekering. Alles wordt duidelijk op papier gezet door ons als begrafenisondernemer. Het document maken we steeds in drievoud op: \u00e9\u00e9n exemplaar voor de eigenaar van het uitvaartplan, \u00e9\u00e9n exemplaar voor de vertrouwenspersoon en \u00e9\u00e9n exemplaar voor de onderneming. De in het uitvaartplan vastgelegde wensen respecteren wij sowieso, maar nabestaanden kunnen uiteraard ook zelf nog toevoegingen doen.<\/p>\n                                    <\/div>\n                                                                                    <\/div>\n                                                <\/div>\n        <\/div>\n    <\/div>\n<\/div>\n\n\n<div id=\"block-variable-content-list-block_68fa49212ec3b2804a26fad3f4b3719b\" class=\"block-variable-content-list alt_1\">\n    <div class=\"container\">\n        <div class=\"widget-wrap per_row_2\">\n                        <div class=\"block-content\">\n                                                                                    <div class=\"element\">\n                                                            \n                                                                    <div class=\"image-wrap\">\n                                                                                    <img loading=\"lazy\" decoding=\"async\" width=\"1024\" height=\"683\" src=\"https:\/\/www.touche.be\/app\/uploads\/sites\/81\/2025\/08\/stampaert.0006-1024x683.jpg\" class=\"attachment-large size-large\" alt=\"Uitvaartplan opstellen\" srcset=\"https:\/\/www.touche.be\/app\/uploads\/sites\/81\/2025\/08\/stampaert.0006-1024x683.jpg 1024w, https:\/\/www.touche.be\/app\/uploads\/sites\/81\/2025\/08\/stampaert.0006-300x200.jpg 300w, https:\/\/www.touche.be\/app\/uploads\/sites\/81\/2025\/08\/stampaert.0006-768x512.jpg 768w, https:\/\/www.touche.be\/app\/uploads\/sites\/81\/2025\/08\/stampaert.0006-1536x1024.jpg 1536w, https:\/\/www.touche.be\/app\/uploads\/sites\/81\/2025\/08\/stampaert.0006-2048x1365.jpg 2048w, https:\/\/www.touche.be\/app\/uploads\/sites\/81\/2025\/08\/stampaert.0006-450x300.jpg 450w, https:\/\/www.touche.be\/app\/uploads\/sites\/81\/2025\/08\/stampaert.0006-1300x867.jpg 1300w, https:\/\/www.touche.be\/app\/uploads\/sites\/81\/2025\/08\/stampaert.0006-1440x960.jpg 1440w\" sizes=\"auto, (max-width: 1024px) 100vw, 1024px\" title=\"Uitvaartplan opstellen\" \/>                                                                            <\/div>\n                                \n                                                                                    <\/div>\n                                                                    <div class=\"element\">\n                                                            \n                                \n                                                                    <div class=\"content-wrap\">\n                                        <h3>Wat zijn de voordelen van een uitvaartplan opstellen?<\/h3>\n<ul>\n<li>Je kiest zelf of je een begrafenis of crematie wenst.<\/li>\n<li>Je kan het belang van je levensbeschouwing in kaart brengen en zo de afscheidsdienst bepalen (katholiek, islamitisch, burgerlijk \u2026).<\/li>\n<li>Je kiest zelf je begraafplaats (columbarium, urnegrafkelder, asverstrooiing, grafkelder \u2026).<\/li>\n<li>Je kan je uitvaartcontract vermelden (indien je dit hebt aangesloten).<\/li>\n<\/ul>\n                                    <\/div>\n                                                                                    <\/div>\n                                                <\/div>\n        <\/div>\n    <\/div>\n<\/div>\n\n\n<div id=\"block-variable-content-list-block_2ff9cca4e3420fdf54da1bba1ef36a50\" class=\"block-variable-content-list alt_1\">\n    <div class=\"container\">\n        <div class=\"widget-wrap per_row_2\">\n                        <div class=\"block-content\">\n                                                                                    <div class=\"element\">\n                                                            \n                                \n                                                                    <div class=\"content-wrap\">\n                                        <h2>Van uitvaartplan tot uitvaartverzekering<\/h2>\n<p>Wil je verder gaan dan enkel je wensen op papier te zetten? Het is ook mogelijk om nu al financi\u00eble voorbereidingen te doen. Je kan jouw financieel plan volledig vastleggen in een uitvaartverzekering. Alle Sereni ondernemers werken hiervoor samen met erkende verzekeringsmaatschappijen.<\/p>\n<p><a class=\"btn btn-primary\" href=\"https:\/\/www.daemsuitvaart.be\/nl\/onze-diensten\/uitvaartverzekering-afsluiten\/\">Alles over uitvaartverzekering<\/a><\/p>\n                                    <\/div>\n                                                                                    <\/div>\n                                                                    <div class=\"element\">\n                                                            \n                                                                    <div class=\"image-wrap\">\n                                                                                    <img loading=\"lazy\" decoding=\"async\" width=\"1024\" height=\"683\" src=\"https:\/\/www.touche.be\/app\/uploads\/sites\/81\/2025\/08\/stampaert.0050-1024x683.jpg\" class=\"attachment-large size-large\" alt=\"Uitvaartplan opstellen\" srcset=\"https:\/\/www.touche.be\/app\/uploads\/sites\/81\/2025\/08\/stampaert.0050-1024x683.jpg 1024w, https:\/\/www.touche.be\/app\/uploads\/sites\/81\/2025\/08\/stampaert.0050-300x200.jpg 300w, https:\/\/www.touche.be\/app\/uploads\/sites\/81\/2025\/08\/stampaert.0050-768x512.jpg 768w, https:\/\/www.touche.be\/app\/uploads\/sites\/81\/2025\/08\/stampaert.0050-1536x1024.jpg 1536w, https:\/\/www.touche.be\/app\/uploads\/sites\/81\/2025\/08\/stampaert.0050-2048x1365.jpg 2048w, https:\/\/www.touche.be\/app\/uploads\/sites\/81\/2025\/08\/stampaert.0050-450x300.jpg 450w, https:\/\/www.touche.be\/app\/uploads\/sites\/81\/2025\/08\/stampaert.0050-1300x867.jpg 1300w, https:\/\/www.touche.be\/app\/uploads\/sites\/81\/2025\/08\/stampaert.0050-1440x960.jpg 1440w\" sizes=\"auto, (max-width: 1024px) 100vw, 1024px\" title=\"Uitvaartplan opstellen\" \/>                                                                            <\/div>\n                                \n                                                                                    <\/div>\n                                                <\/div>\n        <\/div>\n    <\/div>\n<\/div>\n\n\n\n<div id=\"block-main-banner-block_db61e803b6640239e371c608e9bd5e41\" class=\"block-main-banner\">\n    <div class=\"container\">\n        <div class=\"banner-wrap layout2 content_right content_top\">\n            <div class=\"banner-image\">\n                                                            <img loading=\"lazy\" decoding=\"async\" width=\"944\" height=\"629\" src=\"https:\/\/www.touche.be\/app\/uploads\/sites\/81\/2025\/12\/uitvaart-wensboekje-Sereni.jpg\" class=\"attachment-full-stretched size-full-stretched\" alt=\"Uitvaartplan opstellen\" srcset=\"https:\/\/www.touche.be\/app\/uploads\/sites\/81\/2025\/12\/uitvaart-wensboekje-Sereni.jpg 944w, https:\/\/www.touche.be\/app\/uploads\/sites\/81\/2025\/12\/uitvaart-wensboekje-Sereni-300x200.jpg 300w, https:\/\/www.touche.be\/app\/uploads\/sites\/81\/2025\/12\/uitvaart-wensboekje-Sereni-768x512.jpg 768w, https:\/\/www.touche.be\/app\/uploads\/sites\/81\/2025\/12\/uitvaart-wensboekje-Sereni-450x300.jpg 450w\" sizes=\"auto, (max-width: 944px) 100vw, 944px\" title=\"Uitvaartplan opstellen\" \/>                                                <\/div>\n\n                            <div class=\"banner-content\">\n                    <div class=\"inner\">\n                        <h2>Mijn laatste wensen<\/h2>\n<p>Een afscheid begint niet op de dag van de uitvaart, maar bij het leven \u2014 bij wat je belangrijk vindt en wil nalaten.<br \/>\nHet Sereni Wensboekje helpt je stilstaan bij:<\/p>\n<ul>\n<li><strong>Wat jou typeert<\/strong><\/li>\n<li><strong>Muziek of woorden die troost geven<\/strong><\/li>\n<li><strong>Rituelen en wensen<\/strong> die voor jou betekenisvol zijn<\/li>\n<\/ul>\n<p>Het invullen geeft rust en maakt gesprekken met dierbaren eenvoudiger.<br \/>\nVul het digitaal in via <a class=\"text-yellow\" href=\"https:\/\/mijn.sereni.be\/nl-BE\/inloggen\" target=\"_blank\" rel=\"noopener\"><strong>Mijn Sereni.be<\/strong><\/a> of vraag een papieren versie aan bij <a class=\"text-yellow\" href=\"https:\/\/www.sereni.be\/branch\" target=\"_blank\" rel=\"noopener\"><strong>onze uitvaartplanners<\/strong><\/a>.<\/p>\n<p><a class=\"btn btn-primary\" href=\"https:\/\/mijn.sereni.be\/nl-BE\/inloggen\" target=\"_blank\" rel=\"noopener\">Ik vul de digitale versie in<\/a><\/p>\n                    <\/div>\n                <\/div>\n                    <\/div>\n    <\/div>\n<\/div>\n","protected":false},"excerpt":{"rendered":"","protected":false},"author":1,"featured_media":0,"parent":17660,"menu_order":4,"comment_status":"closed","ping_status":"closed","template":"","meta":{"_acf_changed":false,"footnotes":""},"class_list":["post-17596","page","type-page","status-publish","hentry"],"acf":[],"yoast_head":"<!-- This site is optimized with the Yoast SEO plugin v25.8 - https:\/\/yoast.com\/wordpress\/plugins\/seo\/ -->\n<title>Uitvaartplan opstellen Daems I Sereni<\/title>\n<meta name=\"description\" content=\"Bij uitvaartplanner Daems kan je jouw uitvaartplan opstellen. Zo is jouw uitvaart volgens jouw wensen gepland. Lees er hier alles over.\" \/>\n<meta name=\"robots\" content=\"index, follow, max-snippet:-1, max-image-preview:large, max-video-preview:-1\" \/>\n<link rel=\"canonical\" href=\"https:\/\/www.daemsuitvaart.be\/nl\/onze-diensten-daems-sereni\/uitvaartplan-opstellen-daems-sereni\/\" \/>\n<meta property=\"og:locale\" content=\"nl_NL\" \/>\n<meta property=\"og:type\" content=\"article\" \/>\n<meta property=\"og:title\" content=\"Uitvaartplan opstellen Daems I Sereni\" \/>\n<meta property=\"og:description\" content=\"Bij uitvaartplanner Daems kan je jouw uitvaartplan opstellen. Zo is jouw uitvaart volgens jouw wensen gepland. Lees er hier alles over.\" \/>\n<meta property=\"og:url\" content=\"https:\/\/www.daemsuitvaart.be\/nl\/onze-diensten-daems-sereni\/uitvaartplan-opstellen-daems-sereni\/\" \/>\n<meta property=\"og:site_name\" content=\"Daems\" \/>\n<meta property=\"article:modified_time\" content=\"2025-12-15T13:31:15+00:00\" \/>\n<meta property=\"og:image\" content=\"https:\/\/www.touche.be\/app\/uploads\/sites\/81\/2025\/05\/Social-image-Daems-6.jpg\" \/>\n\t<meta property=\"og:image:width\" content=\"1800\" \/>\n\t<meta property=\"og:image:height\" content=\"628\" \/>\n\t<meta property=\"og:image:type\" content=\"image\/jpeg\" \/>\n<meta name=\"twitter:card\" content=\"summary_large_image\" \/>\n<meta name=\"twitter:label1\" content=\"Est. reading time\" \/>\n\t<meta name=\"twitter:data1\" content=\"2 minutes\" \/>\n<script type=\"application\/ld+json\" class=\"yoast-schema-graph\">{\"@context\":\"https:\/\/schema.org\",\"@graph\":[{\"@type\":\"WebPage\",\"@id\":\"https:\/\/www.daemsuitvaart.be\/nl\/onze-diensten-daems-sereni\/uitvaartplan-opstellen-daems-sereni\/\",\"url\":\"https:\/\/www.daemsuitvaart.be\/nl\/onze-diensten-daems-sereni\/uitvaartplan-opstellen-daems-sereni\/\",\"name\":\"Uitvaartplan opstellen Daems I Sereni\",\"isPartOf\":{\"@id\":\"https:\/\/www.daemsuitvaart.be\/nl\/#website\"},\"datePublished\":\"2022-04-04T11:33:40+00:00\",\"dateModified\":\"2025-12-15T13:31:15+00:00\",\"description\":\"Bij uitvaartplanner Daems kan je jouw uitvaartplan opstellen. Zo is jouw uitvaart volgens jouw wensen gepland. Lees er hier alles over.\",\"breadcrumb\":{\"@id\":\"https:\/\/www.daemsuitvaart.be\/nl\/onze-diensten-daems-sereni\/uitvaartplan-opstellen-daems-sereni\/#breadcrumb\"},\"inLanguage\":\"nl-NL\",\"potentialAction\":[{\"@type\":\"ReadAction\",\"target\":[\"https:\/\/www.daemsuitvaart.be\/nl\/onze-diensten-daems-sereni\/uitvaartplan-opstellen-daems-sereni\/\"]}]},{\"@type\":\"BreadcrumbList\",\"@id\":\"https:\/\/www.daemsuitvaart.be\/nl\/onze-diensten-daems-sereni\/uitvaartplan-opstellen-daems-sereni\/#breadcrumb\",\"itemListElement\":[{\"@type\":\"ListItem\",\"position\":1,\"name\":\"Onze diensten\",\"item\":\"https:\/\/www.daemsuitvaart.be\/nl\/onze-diensten-daems-sereni\/\"},{\"@type\":\"ListItem\",\"position\":2,\"name\":\"Uitvaartplan opstellen\"}]},{\"@type\":\"WebSite\",\"@id\":\"https:\/\/www.daemsuitvaart.be\/nl\/#website\",\"url\":\"https:\/\/www.daemsuitvaart.be\/nl\/\",\"name\":\"Daems\",\"description\":\"Just another Sereni site\",\"potentialAction\":[{\"@type\":\"SearchAction\",\"target\":{\"@type\":\"EntryPoint\",\"urlTemplate\":\"https:\/\/www.daemsuitvaart.be\/nl\/?s={search_term_string}\"},\"query-input\":{\"@type\":\"PropertyValueSpecification\",\"valueRequired\":true,\"valueName\":\"search_term_string\"}}],\"inLanguage\":\"nl-NL\"}]}<\/script>\n<!-- \/ Yoast SEO plugin. -->","yoast_head_json":{"title":"Uitvaartplan opstellen Daems I Sereni","description":"Bij uitvaartplanner Daems kan je jouw uitvaartplan opstellen. Zo is jouw uitvaart volgens jouw wensen gepland. Lees er hier alles over.","robots":{"index":"index","follow":"follow","max-snippet":"max-snippet:-1","max-image-preview":"max-image-preview:large","max-video-preview":"max-video-preview:-1"},"canonical":"https:\/\/www.daemsuitvaart.be\/nl\/onze-diensten-daems-sereni\/uitvaartplan-opstellen-daems-sereni\/","og_locale":"nl_NL","og_type":"article","og_title":"Uitvaartplan opstellen Daems I Sereni","og_description":"Bij uitvaartplanner Daems kan je jouw uitvaartplan opstellen. Zo is jouw uitvaart volgens jouw wensen gepland. Lees er hier alles over.","og_url":"https:\/\/www.daemsuitvaart.be\/nl\/onze-diensten-daems-sereni\/uitvaartplan-opstellen-daems-sereni\/","og_site_name":"Daems","article_modified_time":"2025-12-15T13:31:15+00:00","og_image":[{"width":1800,"height":628,"url":"https:\/\/www.touche.be\/app\/uploads\/sites\/81\/2025\/05\/Social-image-Daems-6.jpg","type":"image\/jpeg"}],"twitter_card":"summary_large_image","twitter_misc":{"Est. reading time":"2 minutes"},"schema":{"@context":"https:\/\/schema.org","@graph":[{"@type":"WebPage","@id":"https:\/\/www.daemsuitvaart.be\/nl\/onze-diensten-daems-sereni\/uitvaartplan-opstellen-daems-sereni\/","url":"https:\/\/www.daemsuitvaart.be\/nl\/onze-diensten-daems-sereni\/uitvaartplan-opstellen-daems-sereni\/","name":"Uitvaartplan opstellen Daems I Sereni","isPartOf":{"@id":"https:\/\/www.daemsuitvaart.be\/nl\/#website"},"datePublished":"2022-04-04T11:33:40+00:00","dateModified":"2025-12-15T13:31:15+00:00","description":"Bij uitvaartplanner Daems kan je jouw uitvaartplan opstellen. Zo is jouw uitvaart volgens jouw wensen gepland. Lees er hier alles over.","breadcrumb":{"@id":"https:\/\/www.daemsuitvaart.be\/nl\/onze-diensten-daems-sereni\/uitvaartplan-opstellen-daems-sereni\/#breadcrumb"},"inLanguage":"nl-NL","potentialAction":[{"@type":"ReadAction","target":["https:\/\/www.daemsuitvaart.be\/nl\/onze-diensten-daems-sereni\/uitvaartplan-opstellen-daems-sereni\/"]}]},{"@type":"BreadcrumbList","@id":"https:\/\/www.daemsuitvaart.be\/nl\/onze-diensten-daems-sereni\/uitvaartplan-opstellen-daems-sereni\/#breadcrumb","itemListElement":[{"@type":"ListItem","position":1,"name":"Onze diensten","item":"https:\/\/www.daemsuitvaart.be\/nl\/onze-diensten-daems-sereni\/"},{"@type":"ListItem","position":2,"name":"Uitvaartplan opstellen"}]},{"@type":"WebSite","@id":"https:\/\/www.daemsuitvaart.be\/nl\/#website","url":"https:\/\/www.daemsuitvaart.be\/nl\/","name":"Daems","description":"Just another Sereni site","potentialAction":[{"@type":"SearchAction","target":{"@type":"EntryPoint","urlTemplate":"https:\/\/www.daemsuitvaart.be\/nl\/?s={search_term_string}"},"query-input":{"@type":"PropertyValueSpecification","valueRequired":true,"valueName":"search_term_string"}}],"inLanguage":"nl-NL"}]}},"_links":{"self":[{"href":"https:\/\/www.daemsuitvaart.be\/nl\/wp-json\/wp\/v2\/pages\/17596","targetHints":{"allow":["GET"]}}],"collection":[{"href":"https:\/\/www.daemsuitvaart.be\/nl\/wp-json\/wp\/v2\/pages"}],"about":[{"href":"https:\/\/www.daemsuitvaart.be\/nl\/wp-json\/wp\/v2\/types\/page"}],"author":[{"embeddable":true,"href":"https:\/\/www.daemsuitvaart.be\/nl\/wp-json\/wp\/v2\/users\/1"}],"replies":[{"embeddable":true,"href":"https:\/\/www.daemsuitvaart.be\/nl\/wp-json\/wp\/v2\/comments?post=17596"}],"version-history":[{"count":5,"href":"https:\/\/www.daemsuitvaart.be\/nl\/wp-json\/wp\/v2\/pages\/17596\/revisions"}],"predecessor-version":[{"id":69602,"href":"https:\/\/www.daemsuitvaart.be\/nl\/wp-json\/wp\/v2\/pages\/17596\/revisions\/69602"}],"up":[{"embeddable":true,"href":"https:\/\/www.daemsuitvaart.be\/nl\/wp-json\/wp\/v2\/pages\/17660"}],"wp:attachment":[{"href":"https:\/\/www.daemsuitvaart.be\/nl\/wp-json\/wp\/v2\/media?parent=17596"}],"curies":[{"name":"wp","href":"https:\/\/api.w.org\/{rel}","templated":true}]}}